{"id":204738,"date":"2020-02-14T13:45:07","date_gmt":"2020-02-14T12:45:07","guid":{"rendered":"http:\/\/www.zssielnica.sk\/no\/?page_id=204738"},"modified":"2022-02-23T09:50:49","modified_gmt":"2022-02-23T08:50:49","slug":"kruzky","status":"publish","type":"page","link":"https:\/\/www.zssielnica.sk\/no\/kruzky\/","title":{"rendered":"Kr\u00fa\u017eky"},"content":{"rendered":"<p>[et_pb_section fb_built=&#8220;1&#8243; _builder_version=&#8220;3.25.2&#8243; global_colors_info=&#8220;{}&#8220;][et_pb_row _builder_version=&#8220;3.25.2&#8243; global_colors_info=&#8220;{}&#8220;][et_pb_column type=&#8220;4_4&#8243; _builder_version=&#8220;3.25.2&#8243; global_colors_info=&#8220;{}&#8220;][et_pb_text _builder_version=&#8220;4.14.6&#8243; _module_preset=&#8220;default&#8220; text_font=&#8220;|700|||||||&#8220; text_font_size=&#8220;18px&#8220; text_line_height=&#8220;1.6em&#8220; text_orientation=&#8220;center&#8220; hover_enabled=&#8220;0&#8243; sticky_enabled=&#8220;0&#8243;]<\/p>\n<p>Radi by sme v\u00e1s upozornili, \u017ee pre aktu\u00e1lnu pandemick\u00fa situ\u00e1ciu s\u00fa na\u0161e kr\u00fa\u017eky pozastaven\u00e9 do odvolania. O zmen\u00e1ch v\u00e1s budeme informova\u0165 na na\u0161ej webovej str\u00e1nke centra, ale aj na na\u0161ej facebookovej str\u00e1nke.<\/p>\n<p>\u010eakujeme za pochopenie.<\/p>\n<p>[\/et_pb_text][et_pb_image src=&#8220;http:\/\/www.zssielnica.sk\/no\/wp-content\/uploads\/2020\/02\/Let\u00e1k-_-V\u00fdtvarn\u00fd-kr\u00fa\u017eok.jpg&#8220; _builder_version=&#8220;4.14.6&#8243; hover_enabled=&#8220;0&#8243; global_colors_info=&#8220;{}&#8220; align=&#8220;center&#8220; sticky_enabled=&#8220;0&#8243;][\/et_pb_image][\/et_pb_column][\/et_pb_row][et_pb_row _builder_version=&#8220;3.25.2&#8243; global_colors_info=&#8220;{}&#8220;][et_pb_column type=&#8220;4_4&#8243; _builder_version=&#8220;3.25.2&#8243; global_colors_info=&#8220;{}&#8220;][et_pb_image src=&#8220;http:\/\/www.zssielnica.sk\/no\/wp-content\/uploads\/2020\/02\/Let\u00e1k-_Tane\u010dn\u00e1-pr\u00edpravka.jpg&#8220; _builder_version=&#8220;3.25.2&#8243; global_colors_info=&#8220;{}&#8220;][\/et_pb_image][\/et_pb_column][\/et_pb_row][\/et_pb_section]<\/p>\n","protected":false},"excerpt":{"rendered":"<p>Radi by sme v\u00e1s upozornili, \u017ee pre aktu\u00e1lnu pandemick\u00fa situ\u00e1ciu s\u00fa na\u0161e kr\u00fa\u017eky pozastaven\u00e9 do odvolania. O zmen\u00e1ch v\u00e1s budeme informova\u0165 na na\u0161ej webovej str\u00e1nke centra, ale aj na na\u0161ej facebookovej str\u00e1nke. \u010eakujeme za pochopenie.<\/p>\n","protected":false},"author":1,"featured_media":0,"parent":0,"menu_order":0,"comment_status":"closed","ping_status":"closed","template":"","meta":{"_et_pb_use_builder":"on","_et_pb_old_content":"","_et_gb_content_width":""},"_links":{"self":[{"href":"https:\/\/www.zssielnica.sk\/no\/wp-json\/wp\/v2\/pages\/204738"}],"collection":[{"href":"https:\/\/www.zssielnica.sk\/no\/wp-json\/wp\/v2\/pages"}],"about":[{"href":"https:\/\/www.zssielnica.sk\/no\/wp-json\/wp\/v2\/types\/page"}],"author":[{"embeddable":true,"href":"https:\/\/www.zssielnica.sk\/no\/wp-json\/wp\/v2\/users\/1"}],"replies":[{"embeddable":true,"href":"https:\/\/www.zssielnica.sk\/no\/wp-json\/wp\/v2\/comments?post=204738"}],"version-history":[{"count":3,"href":"https:\/\/www.zssielnica.sk\/no\/wp-json\/wp\/v2\/pages\/204738\/revisions"}],"predecessor-version":[{"id":204772,"href":"https:\/\/www.zssielnica.sk\/no\/wp-json\/wp\/v2\/pages\/204738\/revisions\/204772"}],"wp:attachment":[{"href":"https:\/\/www.zssielnica.sk\/no\/wp-json\/wp\/v2\/media?parent=204738"}],"curies":[{"name":"wp","href":"https:\/\/api.w.org\/{rel}","templated":true}]}}