{"id":204528,"date":"2019-01-30T07:58:56","date_gmt":"2019-01-30T06:58:56","guid":{"rendered":"http:\/\/www.zssielnica.sk\/no\/?page_id=204528"},"modified":"2019-06-27T13:49:45","modified_gmt":"2019-06-27T11:49:45","slug":"o-projekte-dc-sielnica","status":"publish","type":"page","link":"https:\/\/www.zssielnica.sk\/no\/o-projekte-dc-sielnica\/","title":{"rendered":"O projekte DC Sielnica"},"content":{"rendered":"<p>[et_pb_section bb_built=&#8220;1&#8243; inner_width=&#8220;auto&#8220; inner_max_width=&#8220;1080px&#8220;][et_pb_row][et_pb_column type=&#8220;1_5&#8243; custom_padding__hover=&#8220;|||&#8220; custom_padding=&#8220;|||&#8220;][\/et_pb_column][et_pb_column type=&#8220;3_5&#8243; custom_padding__hover=&#8220;|||&#8220; custom_padding=&#8220;|||&#8220;][et_pb_text _builder_version=&#8220;3.25.2&#8243; text_text_shadow_horizontal_length=&#8220;text_text_shadow_style,%91object Object%93&#8243; text_text_shadow_horizontal_length_tablet=&#8220;0px&#8220; text_text_shadow_vertical_length=&#8220;text_text_shadow_style,%91object Object%93&#8243; text_text_shadow_vertical_length_tablet=&#8220;0px&#8220; text_text_shadow_blur_strength=&#8220;text_text_shadow_style,%91object Object%93&#8243; text_text_shadow_blur_strength_tablet=&#8220;1px&#8220; link_text_shadow_horizontal_length=&#8220;link_text_shadow_style,%91object Object%93&#8243; link_text_shadow_horizontal_length_tablet=&#8220;0px&#8220; link_text_shadow_vertical_length=&#8220;link_text_shadow_style,%91object Object%93&#8243; link_text_shadow_vertical_length_tablet=&#8220;0px&#8220; link_text_shadow_blur_strength=&#8220;link_text_shadow_style,%91object Object%93&#8243; link_text_shadow_blur_strength_tablet=&#8220;1px&#8220; ul_text_shadow_horizontal_length=&#8220;ul_text_shadow_style,%91object Object%93&#8243; ul_text_shadow_horizontal_length_tablet=&#8220;0px&#8220; ul_text_shadow_vertical_length=&#8220;ul_text_shadow_style,%91object Object%93&#8243; ul_text_shadow_vertical_length_tablet=&#8220;0px&#8220; ul_text_shadow_blur_strength=&#8220;ul_text_shadow_style,%91object Object%93&#8243; ul_text_shadow_blur_strength_tablet=&#8220;1px&#8220; ol_text_shadow_horizontal_length=&#8220;ol_text_shadow_style,%91object Object%93&#8243; ol_text_shadow_horizontal_length_tablet=&#8220;0px&#8220; ol_text_shadow_vertical_length=&#8220;ol_text_shadow_style,%91object Object%93&#8243; ol_text_shadow_vertical_length_tablet=&#8220;0px&#8220; ol_text_shadow_blur_strength=&#8220;ol_text_shadow_style,%91object Object%93&#8243; ol_text_shadow_blur_strength_tablet=&#8220;1px&#8220; quote_text_shadow_horizontal_length=&#8220;quote_text_shadow_style,%91object Object%93&#8243; quote_text_shadow_horizontal_length_tablet=&#8220;0px&#8220; quote_text_shadow_vertical_length=&#8220;quote_text_shadow_style,%91object Object%93&#8243; quote_text_shadow_vertical_length_tablet=&#8220;0px&#8220; quote_text_shadow_blur_strength=&#8220;quote_text_shadow_style,%91object Object%93&#8243; quote_text_shadow_blur_strength_tablet=&#8220;1px&#8220; header_text_shadow_horizontal_length=&#8220;header_text_shadow_style,%91object Object%93&#8243; header_text_shadow_horizontal_length_tablet=&#8220;0px&#8220; header_text_shadow_vertical_length=&#8220;header_text_shadow_style,%91object Object%93&#8243; header_text_shadow_vertical_length_tablet=&#8220;0px&#8220; header_text_shadow_blur_strength=&#8220;header_text_shadow_style,%91object Object%93&#8243; header_text_shadow_blur_strength_tablet=&#8220;1px&#8220; header_2_text_shadow_horizontal_length=&#8220;header_2_text_shadow_style,%91object Object%93&#8243; header_2_text_shadow_horizontal_length_tablet=&#8220;0px&#8220; header_2_text_shadow_vertical_length=&#8220;header_2_text_shadow_style,%91object Object%93&#8243; header_2_text_shadow_vertical_length_tablet=&#8220;0px&#8220; header_2_text_shadow_blur_strength=&#8220;header_2_text_shadow_style,%91object Object%93&#8243; header_2_text_shadow_blur_strength_tablet=&#8220;1px&#8220; header_3_text_shadow_horizontal_length=&#8220;header_3_text_shadow_style,%91object Object%93&#8243; header_3_text_shadow_horizontal_length_tablet=&#8220;0px&#8220; header_3_text_shadow_vertical_length=&#8220;header_3_text_shadow_style,%91object Object%93&#8243; header_3_text_shadow_vertical_length_tablet=&#8220;0px&#8220; header_3_text_shadow_blur_strength=&#8220;header_3_text_shadow_style,%91object Object%93&#8243; header_3_text_shadow_blur_strength_tablet=&#8220;1px&#8220; header_4_text_shadow_horizontal_length=&#8220;header_4_text_shadow_style,%91object Object%93&#8243; header_4_text_shadow_horizontal_length_tablet=&#8220;0px&#8220; header_4_text_shadow_vertical_length=&#8220;header_4_text_shadow_style,%91object Object%93&#8243; header_4_text_shadow_vertical_length_tablet=&#8220;0px&#8220; header_4_text_shadow_blur_strength=&#8220;header_4_text_shadow_style,%91object Object%93&#8243; header_4_text_shadow_blur_strength_tablet=&#8220;1px&#8220; header_5_text_shadow_horizontal_length=&#8220;header_5_text_shadow_style,%91object Object%93&#8243; header_5_text_shadow_horizontal_length_tablet=&#8220;0px&#8220; header_5_text_shadow_vertical_length=&#8220;header_5_text_shadow_style,%91object Object%93&#8243; header_5_text_shadow_vertical_length_tablet=&#8220;0px&#8220; header_5_text_shadow_blur_strength=&#8220;header_5_text_shadow_style,%91object Object%93&#8243; header_5_text_shadow_blur_strength_tablet=&#8220;1px&#8220; header_6_text_shadow_horizontal_length=&#8220;header_6_text_shadow_style,%91object Object%93&#8243; header_6_text_shadow_horizontal_length_tablet=&#8220;0px&#8220; header_6_text_shadow_vertical_length=&#8220;header_6_text_shadow_style,%91object Object%93&#8243; header_6_text_shadow_vertical_length_tablet=&#8220;0px&#8220; header_6_text_shadow_blur_strength=&#8220;header_6_text_shadow_style,%91object Object%93&#8243; header_6_text_shadow_blur_strength_tablet=&#8220;1px&#8220; box_shadow_horizontal_tablet=&#8220;0px&#8220; box_shadow_vertical_tablet=&#8220;0px&#8220; box_shadow_blur_tablet=&#8220;40px&#8220; box_shadow_spread_tablet=&#8220;0px&#8220; z_index_tablet=&#8220;500&#8243;]<\/p>\n<h1 style=\"text-align: center;\"><strong>O PROJEKTE DC SIELNICA<\/strong><\/h1>\n<p style=\"text-align: center;\">Hlavn\u00fdm cie\u013eom projektu \u201eDetsk\u00e9 centrum Sielnica\u201c je zlep\u0161en\u00edm podmienok pre zos\u00faladenie rodinn\u00e9ho a\u00a0pracovn\u00e9ho \u017eivota zv\u00fd\u0161i\u0165 zamestnanos\u0165 os\u00f4b s\u00a0rodi\u010dovsk\u00fdmi povinnos\u0165ami najm\u00e4 \u017eien prostredn\u00edctvom realiz\u00e1cie hlavnej aktivity projektu \u2013 Podpora zariaden\u00ed a\u00a0slu\u017eieb pre deti za \u00fa\u010delom zos\u00fala\u010fovania rodinn\u00e9ho a\u00a0pracovn\u00e9ho \u017eivota (jasle, \u0161k\u00f4lky, opatrovate\u013eky a\u00a0pod.) a\u00a0podpora podnikania v\u00a0oblasti slu\u017eieb starostlivosti o\u00a0deti\u00a0 s\u00a0d\u00f4razom na inovat\u00edvne pr\u00edstupy &#8211;\u00a0 v\u00a0na\u0161om pr\u00edpade je to prev\u00e1dzka\u00a0 Detsk\u00e9ho centra Sielnica na adrese Sielnica 15, kde poskytujeme flexibiln\u00fa starostlivos\u0165 de\u0165om vo veku 3- 6 rokov a\u00a0de\u0165om s\u00a0odlo\u017eenou \u0161kolskou doch\u00e1dzkou pod\u013ea individu\u00e1lnej potreby rodi\u010dov. Flexibiln\u00fa starostlivos\u0165 o deti poskytujeme v\u00a0prev\u00e1dzkov\u00fdch \u010dasoch od 6:30 do 18:30 po\u010das pracovn\u00fdch dn\u00ed. Pokrytie individu\u00e1lnej potreby flexibilnej starostlivosti \u2013 v\u00a0neskor\u0161\u00edch poobed\u0148aj\u0161\u00edch hodin\u00e1ch do 20:00 a po\u010das v\u00edkendov v\u00a0\u010dase 7:00 \u2013 15: 00 bude prebieha\u0165 individu\u00e1lne, po osobitnej dohode s\u00a0rodi\u010dmi a\u00a0v\u00a0pr\u00edpade ich z\u00e1ujmu. Prev\u00e1dzka Detsk\u00e9ho centra Sielnica bude celoro\u010dn\u00e1.<\/p>\n<p style=\"text-align: center;\">Doba realiz\u00e1cie projektu je 24 mesiacov, projekt sme za\u010dali realizova\u0165 1.8.2018 spusten\u00edm poskytovania slu\u017eby flexibilnej starostlivosti. Projekt flexibilnej starostlivosti pl\u00e1nujeme udr\u017ea\u0165 dlhodobo.<\/p>\n<p style=\"text-align: center;\">Cie\u013eovou skupinou projektu s\u00fa nielen \u017eeny resp. rodi\u010dia po materskej, rodi\u010dovskej dovolenke, ale aj uch\u00e1dza\u010di o\u00a0zamestnanie s\u00a0rodi\u010dovsk\u00fdmi povinnos\u0165ami, z\u00e1ujemcovia o\u00a0zamestnanie s\u00a0rodi\u010dovsk\u00fdmi povinnos\u0165ami, uch\u00e1dza\u010di o\u00a0zamestnanie s\u00a0d\u00f4razom na osoby s\u00a0probl\u00e9mami pri zos\u00fala\u010fovan\u00ed rodinn\u00e9ho a\u00a0pracovn\u00e9ho \u017eivota, z\u00e1ujemcovia o\u00a0zamestnanie s\u00a0d\u00f4razom na osoby s\u00a0probl\u00e9mami pri zos\u00fala\u010fovan\u00ed rodinn\u00e9ho a\u00a0pracovn\u00e9ho \u017eivota, zamestnanci a\u00a0SZ\u010cO\u00a0 s\u00a0rodi\u010dovsk\u00fdmi povinnos\u0165ami.<\/p>\n<div id=\"attachment_204506\" style=\"width: 985px\" class=\"wp-caption aligncenter\"><img aria-describedby=\"caption-attachment-204506\" loading=\"lazy\" class=\"wp-image-204506 size-full\" src=\"http:\/\/www.zssielnica.sk\/no\/wp-content\/uploads\/2018\/11\/projekt.png\" alt=\"\" width=\"975\" height=\"467\" srcset=\"https:\/\/www.zssielnica.sk\/no\/wp-content\/uploads\/2018\/11\/projekt.png 975w, https:\/\/www.zssielnica.sk\/no\/wp-content\/uploads\/2018\/11\/projekt-300x144.png 300w, https:\/\/www.zssielnica.sk\/no\/wp-content\/uploads\/2018\/11\/projekt-768x368.png 768w\" sizes=\"(max-width: 975px) 100vw, 975px\" \/><p id=\"caption-attachment-204506\" class=\"wp-caption-text\">Detsk\u00e9 centrum Sielnica, Eur\u00f3pska \u00fania projekt<\/p><\/div>\n<p>\u00a0<\/p>\n<p>[\/et_pb_text][\/et_pb_column][et_pb_column type=&#8220;1_5&#8243; custom_padding__hover=&#8220;|||&#8220; custom_padding=&#8220;|||&#8220;][\/et_pb_column][\/et_pb_row][\/et_pb_section]<\/p>\n","protected":false},"excerpt":{"rendered":"<p><div class=\"et_pb_row et_pb_row_0 et_pb_row_empty\">\n\t\t\t\t\n\t\t\t\t\n\t\t\t\t\n\t\t\t\t\n\t\t\t\t\n\t\t\t<\/div> O PROJEKTE DC SIELNICAHlavn\u00fdm cie\u013eom projektu \u201eDetsk\u00e9 centrum Sielnica\u201c je zlep\u0161en\u00edm podmienok pre zos\u00faladenie rodinn\u00e9ho a\u00a0pracovn\u00e9ho \u017eivota zv\u00fd\u0161i\u0165 zamestnanos\u0165 os\u00f4b s\u00a0rodi\u010dovsk\u00fdmi povinnos\u0165ami najm\u00e4 \u017eien prostredn\u00edctvom realiz\u00e1cie hlavnej aktivity projektu \u2013 Podpora zariaden\u00ed a\u00a0slu\u017eieb pre deti za \u00fa\u010delom zos\u00fala\u010fovania rodinn\u00e9ho a\u00a0pracovn\u00e9ho \u017eivota (jasle, \u0161k\u00f4lky, opatrovate\u013eky a\u00a0pod.) a\u00a0podpora podnikania v\u00a0oblasti slu\u017eieb starostlivosti o\u00a0deti\u00a0 s\u00a0d\u00f4razom na inovat\u00edvne [&hellip;]<\/p>\n","protected":false},"author":1,"featured_media":0,"parent":0,"menu_order":0,"comment_status":"closed","ping_status":"closed","template":"","meta":{"_et_pb_use_builder":"on","_et_pb_old_content":"","_et_gb_content_width":""},"_links":{"self":[{"href":"https:\/\/www.zssielnica.sk\/no\/wp-json\/wp\/v2\/pages\/204528"}],"collection":[{"href":"https:\/\/www.zssielnica.sk\/no\/wp-json\/wp\/v2\/pages"}],"about":[{"href":"https:\/\/www.zssielnica.sk\/no\/wp-json\/wp\/v2\/types\/page"}],"author":[{"embeddable":true,"href":"https:\/\/www.zssielnica.sk\/no\/wp-json\/wp\/v2\/users\/1"}],"replies":[{"embeddable":true,"href":"https:\/\/www.zssielnica.sk\/no\/wp-json\/wp\/v2\/comments?post=204528"}],"version-history":[{"count":4,"href":"https:\/\/www.zssielnica.sk\/no\/wp-json\/wp\/v2\/pages\/204528\/revisions"}],"predecessor-version":[{"id":204662,"href":"https:\/\/www.zssielnica.sk\/no\/wp-json\/wp\/v2\/pages\/204528\/revisions\/204662"}],"wp:attachment":[{"href":"https:\/\/www.zssielnica.sk\/no\/wp-json\/wp\/v2\/media?parent=204528"}],"curies":[{"name":"wp","href":"https:\/\/api.w.org\/{rel}","templated":true}]}}