{"id":204484,"date":"2018-11-06T13:43:44","date_gmt":"2018-11-06T12:43:44","guid":{"rendered":"http:\/\/www.zssielnica.sk\/no\/?page_id=204484"},"modified":"2019-06-28T13:53:32","modified_gmt":"2019-06-28T11:53:32","slug":"tvoriva-cinnost","status":"publish","type":"page","link":"https:\/\/www.zssielnica.sk\/no\/tvoriva-cinnost\/","title":{"rendered":"Tvoriv\u00e1 \u010dinnos\u0165"},"content":{"rendered":"<p>[et_pb_section bb_built=&#8220;1&#8243; admin_label=&#8220;Hero Section&#8220; _builder_version=&#8220;3.0.92&#8243; use_background_color_gradient=&#8220;on&#8220; background_color_gradient_start=&#8220;rgba(244,240,233,0.9)&#8220; background_color_gradient_end=&#8220;rgba(244,240,233,0)&#8220; background_color_gradient_direction=&#8220;90deg&#8220; background_color_gradient_start_position=&#8220;30%&#8220; background_color_gradient_overlays_image=&#8220;on&#8220; background_image=&#8220;http:\/\/www.zssielnica.sk\/no\/wp-content\/uploads\/2018\/11\/florist-17.jpg&#8220; custom_margin=&#8220;|||&#8220; custom_padding=&#8220;119px|0px|119px|0px&#8220; inner_width=&#8220;auto&#8220; inner_max_width=&#8220;1080px&#8220; next_background_color=&#8220;#ffffff&#8220;][et_pb_row admin_label=&#8220;Hero Area&#8220; custom_padding=&#8220;27px|0px|0px|0px&#8220; custom_padding_last_edited=&#8220;off|desktop&#8220; _builder_version=&#8220;3.0.92&#8243; width=&#8220;80%&#8220; max_width=&#8220;1080px&#8220;][et_pb_column type=&#8220;4_4&#8243; _builder_version=&#8220;3.0.47&#8243; parallax=&#8220;off&#8220; parallax_method=&#8220;on&#8220; custom_padding__hover=&#8220;|||&#8220; custom_padding=&#8220;|||&#8220;][et_pb_text admin_label=&#8220;Hero Title&#8220; _builder_version=&#8220;3.0.92&#8243; text_font=&#8220;Playfair Display||||||||&#8220; text_font_size_last_edited=&#8220;off|desktop&#8220; header_font=&#8220;Alice||||||||&#8220; header_font_size=&#8220;80px&#8220; header_font_size_phone=&#8220;60px&#8220; header_font_size_last_edited=&#8220;on|phone&#8220; header_letter_spacing=&#8220;-3px&#8220; header_line_height=&#8220;1.1em&#8220; custom_margin=&#8220;||0px|&#8220; custom_padding=&#8220;|||&#8220; animation_style=&#8220;slide&#8220; animation_direction=&#8220;left&#8220; animation_intensity_slide=&#8220;5%&#8220; animation_starting_opacity=&#8220;100%&#8220;]<\/p>\n<h1>Na\u0161e v\u00fdrobky na podporu DC Sielnica<\/h1>\n<p>[\/et_pb_text][\/et_pb_column][\/et_pb_row][\/et_pb_section][et_pb_section bb_built=&#8220;1&#8243; admin_label=&#8220;Gallery Section&#8220; _builder_version=&#8220;3.0.91&#8243; custom_padding=&#8220;0px||90px|&#8220; inner_width=&#8220;auto&#8220; inner_max_width=&#8220;1080px&#8220; prev_background_color=&#8220;#000000&#8243;][et_pb_row admin_label=&#8220;Gallery Area&#8220; use_custom_gutter=&#8220;on&#8220; custom_padding=&#8220;0px|0px|27px|0px&#8220; _builder_version=&#8220;3.0.92&#8243; width=&#8220;80%&#8220; max_width=&#8220;1080px&#8220;][et_pb_column type=&#8220;1_3&#8243; _builder_version=&#8220;3.0.47&#8243; parallax=&#8220;off&#8220; parallax_method=&#8220;on&#8220; custom_padding__hover=&#8220;|||&#8220; custom_padding=&#8220;|||&#8220;][et_pb_image src=&#8220;http:\/\/www.zssielnica.sk\/no\/wp-content\/uploads\/2018\/11\/violet\u0148.jpg&#8220; show_in_lightbox=&#8220;on&#8220; force_fullwidth=&#8220;on&#8220; _builder_version=&#8220;3.17.2&#8243; custom_margin=&#8220;|||&#8220; custom_padding=&#8220;||11%|&#8220; animation_style=&#8220;fade&#8220; align_last_edited=&#8220;on|desktop&#8220; align_tablet=&#8220;center&#8220;]<\/p>\n<p><\/p>\n<p>[\/et_pb_image][et_pb_image src=&#8220;http:\/\/www.zssielnica.sk\/no\/wp-content\/uploads\/2018\/11\/red.jpg&#8220; show_in_lightbox=&#8220;on&#8220; force_fullwidth=&#8220;on&#8220; _builder_version=&#8220;3.17.2&#8243; custom_margin=&#8220;|||&#8220; custom_padding=&#8220;||15px|&#8220; animation_style=&#8220;fade&#8220; align_last_edited=&#8220;on|desktop&#8220; align_tablet=&#8220;center&#8220;]<\/p>\n<p><\/p>\n<p>[\/et_pb_image][\/et_pb_column][et_pb_column type=&#8220;1_3&#8243; _builder_version=&#8220;3.0.47&#8243; parallax=&#8220;off&#8220; parallax_method=&#8220;on&#8220; custom_padding__hover=&#8220;|||&#8220; custom_padding=&#8220;|||&#8220;][et_pb_image src=&#8220;http:\/\/www.zssielnica.sk\/no\/wp-content\/uploads\/2018\/11\/silv-gold.jpg&#8220; show_in_lightbox=&#8220;on&#8220; force_fullwidth=&#8220;on&#8220; _builder_version=&#8220;3.17.2&#8243; custom_margin=&#8220;|||&#8220; custom_padding=&#8220;||11%|&#8220; animation_style=&#8220;fade&#8220; align_last_edited=&#8220;on|desktop&#8220; align_tablet=&#8220;center&#8220;]<\/p>\n<p><\/p>\n<p>[\/et_pb_image][et_pb_image src=&#8220;http:\/\/www.zssielnica.sk\/no\/wp-content\/uploads\/2018\/11\/pink.jpg&#8220; show_in_lightbox=&#8220;on&#8220; force_fullwidth=&#8220;on&#8220; _builder_version=&#8220;3.17.2&#8243; custom_margin=&#8220;|||&#8220; custom_padding=&#8220;||11%|&#8220; animation_style=&#8220;fade&#8220; align_last_edited=&#8220;on|desktop&#8220; align_tablet=&#8220;center&#8220;]<\/p>\n<p><\/p>\n<p>[\/et_pb_image][\/et_pb_column][et_pb_column type=&#8220;1_3&#8243; _builder_version=&#8220;3.0.47&#8243; parallax=&#8220;off&#8220; parallax_method=&#8220;on&#8220; custom_padding__hover=&#8220;|||&#8220; custom_padding=&#8220;|||&#8220;][et_pb_image src=&#8220;http:\/\/www.zssielnica.sk\/no\/wp-content\/uploads\/2018\/11\/silver.jpg&#8220; show_in_lightbox=&#8220;on&#8220; force_fullwidth=&#8220;on&#8220; _builder_version=&#8220;3.17.2&#8243; custom_margin=&#8220;|||&#8220; custom_padding=&#8220;||11%|&#8220; animation_style=&#8220;fade&#8220; align_last_edited=&#8220;on|desktop&#8220; align_tablet=&#8220;center&#8220;]<\/p>\n<p><\/p>\n<p>[\/et_pb_image][et_pb_image src=&#8220;http:\/\/www.zssielnica.sk\/no\/wp-content\/uploads\/2018\/11\/gold.jpg&#8220; show_in_lightbox=&#8220;on&#8220; force_fullwidth=&#8220;on&#8220; _builder_version=&#8220;3.17.2&#8243; custom_margin=&#8220;|||&#8220; custom_padding=&#8220;||11%|&#8220; animation_style=&#8220;fade&#8220; align_last_edited=&#8220;on|desktop&#8220; align_tablet=&#8220;center&#8220;]<\/p>\n<p><\/p>\n<p>[\/et_pb_image][\/et_pb_column][\/et_pb_row][et_pb_row _builder_version=&#8220;3.0.92&#8243; width=&#8220;80%&#8220; max_width=&#8220;1080px&#8220;][et_pb_column type=&#8220;4_4&#8243; _builder_version=&#8220;3.0.92&#8243; parallax=&#8220;off&#8220; parallax_method=&#8220;on&#8220; custom_padding__hover=&#8220;|||&#8220; custom_padding=&#8220;|||&#8220;][et_pb_blurb use_icon=&#8220;on&#8220; title=&#8220;Ako n\u00e1s m\u00f4\u017eete podpori\u0165?&#8220; _builder_version=&#8220;3.25.2&#8243; font_icon=&#8220;%%83%%&#8220; box_shadow_horizontal_image_tablet=&#8220;0px&#8220; box_shadow_vertical_image_tablet=&#8220;0px&#8220; box_shadow_blur_image_tablet=&#8220;40px&#8220; box_shadow_spread_image_tablet=&#8220;0px&#8220; text_shadow_horizontal_length=&#8220;text_shadow_style,%91object Object%93&#8243; text_shadow_horizontal_length_tablet=&#8220;0px&#8220; text_shadow_vertical_length=&#8220;text_shadow_style,%91object Object%93&#8243; text_shadow_vertical_length_tablet=&#8220;0px&#8220; text_shadow_blur_strength=&#8220;text_shadow_style,%91object Object%93&#8243; text_shadow_blur_strength_tablet=&#8220;1px&#8220; header_text_align=&#8220;center&#8220; header_text_shadow_horizontal_length=&#8220;header_text_shadow_style,%91object Object%93&#8243; header_text_shadow_horizontal_length_tablet=&#8220;0px&#8220; header_text_shadow_vertical_length=&#8220;header_text_shadow_style,%91object Object%93&#8243; header_text_shadow_vertical_length_tablet=&#8220;0px&#8220; header_text_shadow_blur_strength=&#8220;header_text_shadow_style,%91object Object%93&#8243; header_text_shadow_blur_strength_tablet=&#8220;1px&#8220; body_text_shadow_horizontal_length=&#8220;body_text_shadow_style,%91object Object%93&#8243; body_text_shadow_horizontal_length_tablet=&#8220;0px&#8220; body_text_shadow_vertical_length=&#8220;body_text_shadow_style,%91object Object%93&#8243; body_text_shadow_vertical_length_tablet=&#8220;0px&#8220; body_text_shadow_blur_strength=&#8220;body_text_shadow_style,%91object Object%93&#8243; body_text_shadow_blur_strength_tablet=&#8220;1px&#8220; body_link_text_shadow_horizontal_length=&#8220;body_link_text_shadow_style,%91object Object%93&#8243; body_link_text_shadow_horizontal_length_tablet=&#8220;0px&#8220; body_link_text_shadow_vertical_length=&#8220;body_link_text_shadow_style,%91object Object%93&#8243; body_link_text_shadow_vertical_length_tablet=&#8220;0px&#8220; body_link_text_shadow_blur_strength=&#8220;body_link_text_shadow_style,%91object Object%93&#8243; body_link_text_shadow_blur_strength_tablet=&#8220;1px&#8220; body_ul_text_shadow_horizontal_length=&#8220;body_ul_text_shadow_style,%91object Object%93&#8243; body_ul_text_shadow_horizontal_length_tablet=&#8220;0px&#8220; body_ul_text_shadow_vertical_length=&#8220;body_ul_text_shadow_style,%91object Object%93&#8243; body_ul_text_shadow_vertical_length_tablet=&#8220;0px&#8220; body_ul_text_shadow_blur_strength=&#8220;body_ul_text_shadow_style,%91object Object%93&#8243; body_ul_text_shadow_blur_strength_tablet=&#8220;1px&#8220; body_ol_text_shadow_horizontal_length=&#8220;body_ol_text_shadow_style,%91object Object%93&#8243; body_ol_text_shadow_horizontal_length_tablet=&#8220;0px&#8220; body_ol_text_shadow_vertical_length=&#8220;body_ol_text_shadow_style,%91object Object%93&#8243; body_ol_text_shadow_vertical_length_tablet=&#8220;0px&#8220; body_ol_text_shadow_blur_strength=&#8220;body_ol_text_shadow_style,%91object Object%93&#8243; body_ol_text_shadow_blur_strength_tablet=&#8220;1px&#8220; body_quote_text_shadow_horizontal_length=&#8220;body_quote_text_shadow_style,%91object Object%93&#8243; body_quote_text_shadow_horizontal_length_tablet=&#8220;0px&#8220; body_quote_text_shadow_vertical_length=&#8220;body_quote_text_shadow_style,%91object Object%93&#8243; body_quote_text_shadow_vertical_length_tablet=&#8220;0px&#8220; body_quote_text_shadow_blur_strength=&#8220;body_quote_text_shadow_style,%91object Object%93&#8243; body_quote_text_shadow_blur_strength_tablet=&#8220;1px&#8220; box_shadow_horizontal_tablet=&#8220;0px&#8220; box_shadow_vertical_tablet=&#8220;0px&#8220; box_shadow_blur_tablet=&#8220;40px&#8220; box_shadow_spread_tablet=&#8220;0px&#8220; z_index_tablet=&#8220;500&#8243;]<\/p>\n<p style=\"text-align: center;\">Napr\u00edklad aj k\u00fapou niektor\u00e9ho z na\u0161ich v\u00fdrobkov. Pre viac inform\u00e1ci\u00ed o produktoch alebo cen\u00e1ch n\u00e1s nev\u00e1hajte nav\u0161t\u00edvi\u0165 a op\u00fdta\u0165 sa na\u0161ich vychov\u00e1vate\u013eov.<\/p>\n<p>[\/et_pb_blurb][\/et_pb_column][\/et_pb_row][\/et_pb_section]<\/p>\n","protected":false},"excerpt":{"rendered":"<p>Na\u0161e v\u00fdrobky na podporu DC Sielnica Napr\u00edklad aj k\u00fapou niektor\u00e9ho z na\u0161ich v\u00fdrobkov. Pre viac inform\u00e1ci\u00ed o produktoch alebo cen\u00e1ch n\u00e1s nev\u00e1hajte nav\u0161t\u00edvi\u0165 a op\u00fdta\u0165 sa na\u0161ich vychov\u00e1vate\u013eov.<\/p>\n","protected":false},"author":1,"featured_media":0,"parent":0,"menu_order":0,"comment_status":"closed","ping_status":"closed","template":"","meta":{"_et_pb_use_builder":"on","_et_pb_old_content":"","_et_gb_content_width":""},"_links":{"self":[{"href":"https:\/\/www.zssielnica.sk\/no\/wp-json\/wp\/v2\/pages\/204484"}],"collection":[{"href":"https:\/\/www.zssielnica.sk\/no\/wp-json\/wp\/v2\/pages"}],"about":[{"href":"https:\/\/www.zssielnica.sk\/no\/wp-json\/wp\/v2\/types\/page"}],"author":[{"embeddable":true,"href":"https:\/\/www.zssielnica.sk\/no\/wp-json\/wp\/v2\/users\/1"}],"replies":[{"embeddable":true,"href":"https:\/\/www.zssielnica.sk\/no\/wp-json\/wp\/v2\/comments?post=204484"}],"version-history":[{"count":6,"href":"https:\/\/www.zssielnica.sk\/no\/wp-json\/wp\/v2\/pages\/204484\/revisions"}],"predecessor-version":[{"id":204697,"href":"https:\/\/www.zssielnica.sk\/no\/wp-json\/wp\/v2\/pages\/204484\/revisions\/204697"}],"wp:attachment":[{"href":"https:\/\/www.zssielnica.sk\/no\/wp-json\/wp\/v2\/media?parent=204484"}],"curies":[{"name":"wp","href":"https:\/\/api.w.org\/{rel}","templated":true}]}}