{"id":204465,"date":"2018-10-30T13:41:35","date_gmt":"2018-10-30T12:41:35","guid":{"rendered":"http:\/\/www.zssielnica.sk\/no\/?page_id=204465"},"modified":"2019-09-12T08:42:00","modified_gmt":"2019-09-12T06:42:00","slug":"prevadzkovy-poriadok","status":"publish","type":"page","link":"https:\/\/www.zssielnica.sk\/no\/prevadzkovy-poriadok\/","title":{"rendered":"Prev\u00e1dzkov\u00fd poriadok"},"content":{"rendered":"<p>[et_pb_section fb_built=&#8220;1&#8243; admin_label=&#8220;section&#8220; _builder_version=&#8220;3.22.3&#8243;][et_pb_row admin_label=&#8220;row&#8220; _builder_version=&#8220;3.25&#8243; background_size=&#8220;initial&#8220; background_position=&#8220;top_left&#8220; background_repeat=&#8220;repeat&#8220;][et_pb_column type=&#8220;4_4&#8243; _builder_version=&#8220;3.25&#8243; custom_padding=&#8220;|||&#8220; custom_padding__hover=&#8220;|||&#8220;][et_pb_text admin_label=&#8220;Text&#8220; _builder_version=&#8220;3.0.74&#8243; background_size=&#8220;initial&#8220; background_position=&#8220;top_left&#8220; background_repeat=&#8220;repeat&#8220; custom_padding=&#8220;||0px|||&#8220;]<\/p>\n<p>Prev\u00e1dzkov\u00fd poriadok<\/p>\n<hr \/>\n<p>1. Nahlasovanie na flexibiln\u00fa starostlivos\u0165 sa bude realizova\u0165 prostredn\u00edctvom elektronick\u00e9ho p\u00edsomn\u00e9ho nahlasovania prostredn\u00edctvom SMS na tel \u010d\u00edslo 0910 122 838, alebo cez email na emailov\u00fa adresu info@zssielnica.sk. V\u00a0inform\u00e1cie o\u00a0nahl\u00e1sen\u00ed je potrebn\u00e9 uvies\u0165 meno die\u0165a\u0165a, d\u00e1tum a\u00a0\u010das po\u017eadovanej flexibilnej starostlivosti. V\u00a0jednom nahl\u00e1sen\u00ed je mo\u017en\u00e9 uvies\u0165 viacer\u00e9 d\u00e1tumy a\u00a0\u010dasy (najm\u00e4 pri pravidelnej flexibilnej starostlivosti) . Nahl\u00e1senie je potrebn\u00e9 realizova\u0165 min. 1 pracovn\u00fd de\u0148 dopredu a\u00a0to do 11. hod. Poskytovate\u013e potvrd\u00ed rovnak\u00fdm sp\u00f4sobom ako bolo realizovan\u00e9 nahl\u00e1senie, \u010di vzh\u013eadom na kapacitu a\u00a0prev\u00e1dzkov\u00e9 podmienky m\u00f4\u017ee die\u0165a prija\u0165 na konkr\u00e9tny d\u00e1tum a\u00a0\u010das na flexibiln\u00fa starostlivos\u0165.<\/p>\n<p>1.1 Poplatky za mimoriadne doplnkov\u00e9 aktivity k\u00a0flexibilnej starostlivosti o\u00a0deti (napr. v\u00fdlety, fotografovanie, karneval a pod.) nie s\u00fa s\u00fa\u010das\u0165ou pr\u00edspevku a tieto bude rodi\u010d uhr\u00e1dza\u0165 samostatne a o ich v\u00fd\u0161ke bude dopredu informovan\u00fd. Rodi\u010d m\u00e1 mo\u017enos\u0165 odmietnu\u0165 poskytovanie doplnkov\u00fdch slu\u017eieb.<\/p>\n<hr \/>\n<p>&nbsp;<\/p>\n<p>[\/et_pb_text][\/et_pb_column][\/et_pb_row][\/et_pb_section]<\/p>\n","protected":false},"excerpt":{"rendered":"<p>Prev\u00e1dzkov\u00fd poriadok 1. Nahlasovanie na flexibiln\u00fa starostlivos\u0165 sa bude realizova\u0165 prostredn\u00edctvom elektronick\u00e9ho p\u00edsomn\u00e9ho nahlasovania prostredn\u00edctvom SMS na tel \u010d\u00edslo 0910 122 838, alebo cez email na emailov\u00fa adresu info@zssielnica.sk. V\u00a0inform\u00e1cie o\u00a0nahl\u00e1sen\u00ed je potrebn\u00e9 uvies\u0165 meno die\u0165a\u0165a, d\u00e1tum a\u00a0\u010das po\u017eadovanej flexibilnej starostlivosti. V\u00a0jednom nahl\u00e1sen\u00ed je mo\u017en\u00e9 uvies\u0165 viacer\u00e9 d\u00e1tumy a\u00a0\u010dasy (najm\u00e4 pri pravidelnej flexibilnej starostlivosti) . [&hellip;]<\/p>\n","protected":false},"author":1,"featured_media":0,"parent":0,"menu_order":0,"comment_status":"closed","ping_status":"closed","template":"","meta":{"_et_pb_use_builder":"on","_et_pb_old_content":"Prev\u00e1dzkov\u00fd poriadok\r\n\r\n<hr \/>\r\n\r\n1. Nahlasovanie na flexibiln\u00fa starostlivos\u0165 sa bude realizova\u0165 prostredn\u00edctvom elektronick\u00e9ho p\u00edsomn\u00e9ho nahlasovania prostredn\u00edctvom SMS na tel \u010d\u00edslo ............................., alebo cez email na emailov\u00fa adresu info@zssielnica.sk. V\u00a0inform\u00e1cie o\u00a0nahl\u00e1sen\u00ed je potrebn\u00e9 uvies\u0165 meno die\u0165a\u0165a, d\u00e1tum a\u00a0\u010das po\u017eadovanej flexibilnej starostlivosti. V\u00a0jednom nahl\u00e1sen\u00ed je mo\u017en\u00e9 uvies\u0165 viacer\u00e9 d\u00e1tumy a\u00a0\u010dasy (najm\u00e4 pri pravidelnej flexibilnej starostlivosti) . Nahl\u00e1senie je potrebn\u00e9 realizova\u0165 min. 1 pracovn\u00fd de\u0148 dopredu a\u00a0to do 11. hod. Poskytovate\u013e potvrd\u00ed rovnak\u00fdm sp\u00f4sobom ako bolo realizovan\u00e9 nahl\u00e1senie, \u010di vzh\u013eadom na kapacitu a\u00a0prev\u00e1dzkov\u00e9 podmienky m\u00f4\u017ee die\u0165a prija\u0165 na konkr\u00e9tny d\u00e1tum a\u00a0\u010das na flexibiln\u00fa starostlivos\u0165.\r\n\r\n1.1 Poplatky za mimoriadne doplnkov\u00e9 aktivity k\u00a0flexibilnej starostlivosti o\u00a0deti (napr. v\u00fdlety, fotografovanie, karneval a pod.) nie s\u00fa s\u00fa\u010das\u0165ou pr\u00edspevku a tieto bude rodi\u010d uhr\u00e1dza\u0165 samostatne a o ich v\u00fd\u0161ke bude dopredu informovan\u00fd. Rodi\u010d m\u00e1 mo\u017enos\u0165 odmietnu\u0165 poskytovanie doplnkov\u00fdch slu\u017eieb.\r\n\r\n<hr \/>\r\n\r\nPr\u00edspevok ur\u010den\u00fd na \u00fahradu n\u00e1kladov spojen\u00fdch s prev\u00e1dzkou Detsk\u00e9ho centra Sielnica je :\r\n<ul>\r\n \t<li>0,5 eur \/ hod pre deti vo veku 3 roky a viac pri flexibilnej do\u010dasnej starostlivosti pre deti s\u00a0trval\u00fdm pobytom v\u00a0obci Sielnica<\/li>\r\n \t<li>1,0 eur \/ hod pre deti vo veku 3 roky a viac pri flexibilnej do\u010dasnej starostlivosti pre deti s trval\u00fdm\u00a0 pobytom mimo obce Sielnica<\/li>\r\n \t<li>z\u00e1lohov\u00e1 platba vo v\u00fd\u0161ke 20\u20ac<\/li>\r\n<\/ul>\r\n230 eur \/ mesiac pre deti vo veku do 3 rokov pri pravidelnej flexibilnej starostlivosti\r\n\r\n\u00a0","_et_gb_content_width":""},"_links":{"self":[{"href":"https:\/\/www.zssielnica.sk\/no\/wp-json\/wp\/v2\/pages\/204465"}],"collection":[{"href":"https:\/\/www.zssielnica.sk\/no\/wp-json\/wp\/v2\/pages"}],"about":[{"href":"https:\/\/www.zssielnica.sk\/no\/wp-json\/wp\/v2\/types\/page"}],"author":[{"embeddable":true,"href":"https:\/\/www.zssielnica.sk\/no\/wp-json\/wp\/v2\/users\/1"}],"replies":[{"embeddable":true,"href":"https:\/\/www.zssielnica.sk\/no\/wp-json\/wp\/v2\/comments?post=204465"}],"version-history":[{"count":8,"href":"https:\/\/www.zssielnica.sk\/no\/wp-json\/wp\/v2\/pages\/204465\/revisions"}],"predecessor-version":[{"id":204703,"href":"https:\/\/www.zssielnica.sk\/no\/wp-json\/wp\/v2\/pages\/204465\/revisions\/204703"}],"wp:attachment":[{"href":"https:\/\/www.zssielnica.sk\/no\/wp-json\/wp\/v2\/media?parent=204465"}],"curies":[{"name":"wp","href":"https:\/\/api.w.org\/{rel}","templated":true}]}}