{"id":204441,"date":"2018-10-29T15:05:32","date_gmt":"2018-10-29T14:05:32","guid":{"rendered":"http:\/\/www.zssielnica.sk\/no\/?page_id=204441"},"modified":"2019-06-28T13:51:30","modified_gmt":"2019-06-28T11:51:30","slug":"pisali-o-nas","status":"publish","type":"page","link":"https:\/\/www.zssielnica.sk\/no\/pisali-o-nas\/","title":{"rendered":"P\u00edsali o n\u00e1s"},"content":{"rendered":"<p>[et_pb_section bb_built=&#8220;1&#8243; admin_label=&#8220;Blog &#8220; disabled_on=&#8220;off|off|off&#8220; _builder_version=&#8220;3.22.3&#8243; custom_padding=&#8220;110px||4px||false|false&#8220; collapsed=&#8220;off&#8220; next_background_color=&#8220;#000000&#8243;][et_pb_row _builder_version=&#8220;3.25&#8243; background_size=&#8220;initial&#8220; background_position=&#8220;top_left&#8220; background_repeat=&#8220;repeat&#8220;][et_pb_column type=&#8220;4_4&#8243; _builder_version=&#8220;3.0.47&#8243; custom_padding=&#8220;|||&#8220; custom_padding__hover=&#8220;|||&#8220;][et_pb_text admin_label=&#8220;Page Title&#8220; _builder_version=&#8220;3.0.105&#8243; text_font=&#8220;||||||||&#8220; header_font=&#8220;Roboto|700||on|||||&#8220; header_text_align=&#8220;center&#8220; header_font_size=&#8220;52px&#8220; header_letter_spacing=&#8220;4px&#8220; header_line_height=&#8220;1.2em&#8220; header_2_font=&#8220;||||||||&#8220; module_alignment=&#8220;center&#8220; custom_margin=&#8220;||10px|&#8220; custom_padding=&#8220;|||&#8220; animation_style=&#8220;fade&#8220; header_font_size_tablet=&#8220;40px&#8220; header_font_size_last_edited=&#8220;on|tablet&#8220; locked=&#8220;off&#8220;]<\/p>\n<h1>P\u00edsali o N\u00e1s<\/h1>\n<p>[\/et_pb_text][et_pb_divider color=&#8220;#ffb500&#8243; divider_weight=&#8220;2px&#8220; disabled_on=&#8220;off|off|off&#8220; _builder_version=&#8220;3.2&#8243; max_width=&#8220;100px&#8220; module_alignment=&#8220;center&#8220; animation_style=&#8220;fade&#8220; custom_css_main_element=&#8220;||||&#8220; locked=&#8220;off&#8220; \/][\/et_pb_column][\/et_pb_row][\/et_pb_section][et_pb_section bb_built=&#8220;1&#8243; admin_label=&#8220;Blog &#8220; disabled_on=&#8220;off|off|off&#8220; _builder_version=&#8220;3.22.3&#8243; custom_padding=&#8220;39px||110px||false|false&#8220; collapsed=&#8220;off&#8220; prev_background_color=&#8220;#000000&#8243;][et_pb_row _builder_version=&#8220;3.25&#8243; background_size=&#8220;initial&#8220; background_position=&#8220;top_left&#8220; background_repeat=&#8220;repeat&#8220; column_structure=&#8220;1_2,1_2&#8243;][et_pb_column type=&#8220;1_2&#8243; _builder_version=&#8220;3.25&#8243; custom_padding=&#8220;|||&#8220; custom_padding__hover=&#8220;|||&#8220;][et_pb_blurb title=&#8220;ZVOLEN 24&#8243; url=&#8220;https:\/\/www.zssielnica.sk\/no\/zvolen-24\/&#8220; url_new_window=&#8220;on&#8220; image=&#8220;http:\/\/www.zssielnica.sk\/no\/wp-content\/uploads\/2018\/10\/dc-sielnica7.jpg&#8220; _builder_version=&#8220;3.25.2&#8243; header_level=&#8220;h1&#8243; header_text_align=&#8220;center&#8220; text_orientation=&#8220;center&#8220; z_index_tablet=&#8220;500&#8243; link_option_url=&#8220;https:\/\/www.zssielnica.sk\/no\/zvolen-24\/&#8220; link_option_url_new_window=&#8220;on&#8220; header_text_shadow_horizontal_length_tablet=&#8220;0px&#8220; header_text_shadow_vertical_length_tablet=&#8220;0px&#8220; header_text_shadow_blur_strength_tablet=&#8220;1px&#8220; body_text_shadow_horizontal_length_tablet=&#8220;0px&#8220; body_text_shadow_vertical_length_tablet=&#8220;0px&#8220; body_text_shadow_blur_strength_tablet=&#8220;1px&#8220; body_link_text_shadow_horizontal_length_tablet=&#8220;0px&#8220; body_link_text_shadow_vertical_length_tablet=&#8220;0px&#8220; body_link_text_shadow_blur_strength_tablet=&#8220;1px&#8220; body_ul_text_shadow_horizontal_length_tablet=&#8220;0px&#8220; body_ul_text_shadow_vertical_length_tablet=&#8220;0px&#8220; body_ul_text_shadow_blur_strength_tablet=&#8220;1px&#8220; body_ol_text_shadow_horizontal_length_tablet=&#8220;0px&#8220; body_ol_text_shadow_vertical_length_tablet=&#8220;0px&#8220; body_ol_text_shadow_blur_strength_tablet=&#8220;1px&#8220; body_quote_text_shadow_horizontal_length_tablet=&#8220;0px&#8220; body_quote_text_shadow_vertical_length_tablet=&#8220;0px&#8220; body_quote_text_shadow_blur_strength_tablet=&#8220;1px&#8220; box_shadow_horizontal_tablet=&#8220;0px&#8220; box_shadow_vertical_tablet=&#8220;0px&#8220; box_shadow_blur_tablet=&#8220;40px&#8220; box_shadow_spread_tablet=&#8220;0px&#8220; box_shadow_horizontal_image_tablet=&#8220;0px&#8220; box_shadow_vertical_image_tablet=&#8220;0px&#8220; box_shadow_blur_image_tablet=&#8220;40px&#8220; box_shadow_spread_image_tablet=&#8220;0px&#8220; text_shadow_horizontal_length_tablet=&#8220;0px&#8220; text_shadow_vertical_length_tablet=&#8220;0px&#8220; text_shadow_blur_strength_tablet=&#8220;1px&#8220;]<\/p>\n<h2>Detsk\u00e9 centrum Sielnica: Ako funguje?<\/h2>\n<p>Detsk\u00e9 centrum Sielnica poskytuje flexibiln\u00fa kr\u00e1tkodob\u00fa starostlivos\u0165 o deti vo veku od troch rokov v obci Sielnica. Pozrite pre koho je ur\u010den\u00e9 a ako to tu funguje&#8230;.<\/p>\n<p>[\/et_pb_blurb][\/et_pb_column][et_pb_column type=&#8220;1_2&#8243; _builder_version=&#8220;3.25&#8243; custom_padding=&#8220;|||&#8220; custom_padding__hover=&#8220;|||&#8220;][et_pb_blurb title=&#8220;ZVOLEN 24&#8243; url=&#8220;https:\/\/zvolen.dnes24.sk\/flexibilna-starostlivost-o-deti-uz-aj-v-nasom-kraji-314163&#8243; url_new_window=&#8220;on&#8220; image=&#8220;http:\/\/www.zssielnica.sk\/no\/wp-content\/uploads\/2018\/06\/no2.png&#8220; _builder_version=&#8220;3.25.2&#8243; header_level=&#8220;h1&#8243; header_text_align=&#8220;center&#8220; text_orientation=&#8220;center&#8220; z_index_tablet=&#8220;500&#8243; link_option_url=&#8220;https:\/\/zvolen.dnes24.sk\/flexibilna-starostlivost-o-deti-uz-aj-v-nasom-kraji-314163&#8243; link_option_url_new_window=&#8220;on&#8220; header_text_shadow_horizontal_length_tablet=&#8220;0px&#8220; header_text_shadow_vertical_length_tablet=&#8220;0px&#8220; header_text_shadow_blur_strength_tablet=&#8220;1px&#8220; body_text_shadow_horizontal_length_tablet=&#8220;0px&#8220; body_text_shadow_vertical_length_tablet=&#8220;0px&#8220; body_text_shadow_blur_strength_tablet=&#8220;1px&#8220; body_link_text_shadow_horizontal_length_tablet=&#8220;0px&#8220; body_link_text_shadow_vertical_length_tablet=&#8220;0px&#8220; body_link_text_shadow_blur_strength_tablet=&#8220;1px&#8220; body_ul_text_shadow_horizontal_length_tablet=&#8220;0px&#8220; body_ul_text_shadow_vertical_length_tablet=&#8220;0px&#8220; body_ul_text_shadow_blur_strength_tablet=&#8220;1px&#8220; body_ol_text_shadow_horizontal_length_tablet=&#8220;0px&#8220; body_ol_text_shadow_vertical_length_tablet=&#8220;0px&#8220; body_ol_text_shadow_blur_strength_tablet=&#8220;1px&#8220; body_quote_text_shadow_horizontal_length_tablet=&#8220;0px&#8220; body_quote_text_shadow_vertical_length_tablet=&#8220;0px&#8220; body_quote_text_shadow_blur_strength_tablet=&#8220;1px&#8220; box_shadow_horizontal_tablet=&#8220;0px&#8220; box_shadow_vertical_tablet=&#8220;0px&#8220; box_shadow_blur_tablet=&#8220;40px&#8220; box_shadow_spread_tablet=&#8220;0px&#8220; box_shadow_horizontal_image_tablet=&#8220;0px&#8220; box_shadow_vertical_image_tablet=&#8220;0px&#8220; box_shadow_blur_image_tablet=&#8220;40px&#8220; box_shadow_spread_image_tablet=&#8220;0px&#8220; text_shadow_horizontal_length_tablet=&#8220;0px&#8220; text_shadow_vertical_length_tablet=&#8220;0px&#8220; text_shadow_blur_strength_tablet=&#8220;1px&#8220; image_max_width=&#8220;86%&#8220;]<\/p>\n<h2 class=\"entry-title\">Flexibiln\u00e1 starostlivos\u0165 o deti u\u017e aj v na\u0161om kraji<\/h2>\n<p>Potreba flexibilnej starostlivosti o\u00a0deti je dom\u00e9nou sk\u00f4r ve\u013ek\u00fdch miest, ale dne\u0161n\u00e1 doba kladie vo v\u0161eobecnosti najm\u00e4 na pracuj\u00facich rodi\u010dov \u010dasovo ove\u013ea vy\u0161\u0161ie n\u00e1roky.<\/p>\n<p>&nbsp;<\/p>\n<p>[\/et_pb_blurb][\/et_pb_column][\/et_pb_row][\/et_pb_section]<\/p>\n","protected":false},"excerpt":{"rendered":"<p>P\u00edsali o N\u00e1s Detsk\u00e9 centrum Sielnica: Ako funguje? Detsk\u00e9 centrum Sielnica poskytuje flexibiln\u00fa kr\u00e1tkodob\u00fa starostlivos\u0165 o deti vo veku od troch rokov v obci Sielnica. Pozrite pre koho je ur\u010den\u00e9 a ako to tu funguje&#8230;. Flexibiln\u00e1 starostlivos\u0165 o deti u\u017e aj v na\u0161om kraji Potreba flexibilnej starostlivosti o\u00a0deti je dom\u00e9nou sk\u00f4r ve\u013ek\u00fdch miest, ale dne\u0161n\u00e1 [&hellip;]<\/p>\n","protected":false},"author":1,"featured_media":0,"parent":0,"menu_order":0,"comment_status":"closed","ping_status":"closed","template":"","meta":{"_et_pb_use_builder":"on","_et_pb_old_content":"https:\/\/zvolen.dnes24.sk\/detske-centrum-sielnica-ako-funguje-312720?fbclid=IwAR1YiRBeMnlY4RMKbT6fKes98UNQf40x1tHBpeDE8_qad30EIWMRAcW8SlE","_et_gb_content_width":""},"_links":{"self":[{"href":"https:\/\/www.zssielnica.sk\/no\/wp-json\/wp\/v2\/pages\/204441"}],"collection":[{"href":"https:\/\/www.zssielnica.sk\/no\/wp-json\/wp\/v2\/pages"}],"about":[{"href":"https:\/\/www.zssielnica.sk\/no\/wp-json\/wp\/v2\/types\/page"}],"author":[{"embeddable":true,"href":"https:\/\/www.zssielnica.sk\/no\/wp-json\/wp\/v2\/users\/1"}],"replies":[{"embeddable":true,"href":"https:\/\/www.zssielnica.sk\/no\/wp-json\/wp\/v2\/comments?post=204441"}],"version-history":[{"count":11,"href":"https:\/\/www.zssielnica.sk\/no\/wp-json\/wp\/v2\/pages\/204441\/revisions"}],"predecessor-version":[{"id":204695,"href":"https:\/\/www.zssielnica.sk\/no\/wp-json\/wp\/v2\/pages\/204441\/revisions\/204695"}],"wp:attachment":[{"href":"https:\/\/www.zssielnica.sk\/no\/wp-json\/wp\/v2\/media?parent=204441"}],"curies":[{"name":"wp","href":"https:\/\/api.w.org\/{rel}","templated":true}]}}