{"id":204321,"date":"2018-05-17T15:15:38","date_gmt":"2018-05-17T13:15:38","guid":{"rendered":"http:\/\/www.zssielnica.sk\/no\/?page_id=204321"},"modified":"2020-02-12T11:26:48","modified_gmt":"2020-02-12T10:26:48","slug":"dokumenty-na-nahliadnutie","status":"publish","type":"page","link":"https:\/\/www.zssielnica.sk\/no\/dokumenty-na-nahliadnutie\/","title":{"rendered":"Dokumenty na nahliadnutie"},"content":{"rendered":"<p>[et_pb_section fb_built=&#8220;1&#8243; _builder_version=&#8220;3.25.2&#8243; background_image=&#8220;http:\/\/www.zssielnica.sk\/no\/wp-content\/uploads\/2019\/06\/0757c2923f53499.jpg&#8220; inner_width_tablet=&#8220;50px&#8220; inner_max_width_tablet=&#8220;100px&#8220; inner_max_width_phone=&#8220;50px&#8220; z_index_tablet=&#8220;500&#8243; box_shadow_horizontal_tablet=&#8220;0px&#8220; box_shadow_vertical_tablet=&#8220;0px&#8220; box_shadow_blur_tablet=&#8220;40px&#8220; box_shadow_spread_tablet=&#8220;0px&#8220;][et_pb_row column_structure=&#8220;1_2,1_2&#8243; _builder_version=&#8220;3.25.2&#8243; background_color=&#8220;#e09900&#8243; background_size=&#8220;initial&#8220; background_position=&#8220;top_left&#8220; background_repeat=&#8220;repeat&#8220; border_radii=&#8220;on|77px|77px|77px|77px&#8220; filter_opacity=&#8220;92%&#8220;][et_pb_column type=&#8220;1_2&#8243; _builder_version=&#8220;3.0.47&#8243; custom_padding=&#8220;|||&#8220; custom_padding__hover=&#8220;|||&#8220;][et_pb_blurb title=&#8220;Rozhodnutie&#8220; url=&#8220;http:\/\/www.zssielnica.sk\/no\/wp-content\/uploads\/2019\/04\/rozhodnutie.pdf%22&#8243; use_icon=&#8220;on&#8220; font_icon=&#8220;%%215%%&#8220; icon_color=&#8220;#ffffff&#8220; admin_label=&#8220;Rozhodnutie&#8220; _builder_version=&#8220;3.25.2&#8243; header_level=&#8220;h2&#8243; header_text_align=&#8220;center&#8220; header_text_color=&#8220;#ffffff&#8220; z_index_tablet=&#8220;500&#8243; link_option_url=&#8220;http:\/\/www.zssielnica.sk\/no\/wp-content\/uploads\/2019\/04\/rozhodnutie.pdf%22&#8243; header_text_shadow_horizontal_length_tablet=&#8220;0px&#8220; header_text_shadow_vertical_length_tablet=&#8220;0px&#8220; header_text_shadow_blur_strength_tablet=&#8220;1px&#8220; body_text_shadow_horizontal_length_tablet=&#8220;0px&#8220; body_text_shadow_vertical_length_tablet=&#8220;0px&#8220; body_text_shadow_blur_strength_tablet=&#8220;1px&#8220; body_link_text_shadow_horizontal_length_tablet=&#8220;0px&#8220; body_link_text_shadow_vertical_length_tablet=&#8220;0px&#8220; body_link_text_shadow_blur_strength_tablet=&#8220;1px&#8220; body_ul_text_shadow_horizontal_length_tablet=&#8220;0px&#8220; body_ul_text_shadow_vertical_length_tablet=&#8220;0px&#8220; body_ul_text_shadow_blur_strength_tablet=&#8220;1px&#8220; body_ol_text_shadow_horizontal_length_tablet=&#8220;0px&#8220; body_ol_text_shadow_vertical_length_tablet=&#8220;0px&#8220; body_ol_text_shadow_blur_strength_tablet=&#8220;1px&#8220; body_quote_text_shadow_horizontal_length_tablet=&#8220;0px&#8220; body_quote_text_shadow_vertical_length_tablet=&#8220;0px&#8220; body_quote_text_shadow_blur_strength_tablet=&#8220;1px&#8220; box_shadow_horizontal_tablet=&#8220;0px&#8220; box_shadow_vertical_tablet=&#8220;0px&#8220; box_shadow_blur_tablet=&#8220;40px&#8220; box_shadow_spread_tablet=&#8220;0px&#8220; box_shadow_horizontal_image_tablet=&#8220;0px&#8220; box_shadow_vertical_image_tablet=&#8220;0px&#8220; box_shadow_blur_image_tablet=&#8220;40px&#8220; box_shadow_spread_image_tablet=&#8220;0px&#8220; text_shadow_horizontal_length_tablet=&#8220;0px&#8220; text_shadow_vertical_length_tablet=&#8220;0px&#8220; text_shadow_blur_strength_tablet=&#8220;1px&#8220;][\/et_pb_blurb][et_pb_blurb title=&#8220;\u0160tat\u00fat N.O.&#8220; url=&#8220;https:\/\/www.zssielnica.sk\/no\/wp-content\/uploads\/2019\/04\/statut_no.pdf&#8220; use_icon=&#8220;on&#8220; font_icon=&#8220;%%215%%&#8220; icon_color=&#8220;#ffffff&#8220; admin_label=&#8220;\u0160tat\u00fat N.O.&#8220; _builder_version=&#8220;3.25.2&#8243; header_level=&#8220;h2&#8243; header_text_align=&#8220;center&#8220; header_text_color=&#8220;#ffffff&#8220; z_index_tablet=&#8220;500&#8243; link_option_url=&#8220;https:\/\/www.zssielnica.sk\/no\/wp-content\/uploads\/2019\/04\/statut_no.pdf&#8220; header_text_shadow_horizontal_length_tablet=&#8220;0px&#8220; header_text_shadow_vertical_length_tablet=&#8220;0px&#8220; header_text_shadow_blur_strength_tablet=&#8220;1px&#8220; body_text_shadow_horizontal_length_tablet=&#8220;0px&#8220; body_text_shadow_vertical_length_tablet=&#8220;0px&#8220; body_text_shadow_blur_strength_tablet=&#8220;1px&#8220; body_link_text_shadow_horizontal_length_tablet=&#8220;0px&#8220; body_link_text_shadow_vertical_length_tablet=&#8220;0px&#8220; body_link_text_shadow_blur_strength_tablet=&#8220;1px&#8220; body_ul_text_shadow_horizontal_length_tablet=&#8220;0px&#8220; body_ul_text_shadow_vertical_length_tablet=&#8220;0px&#8220; body_ul_text_shadow_blur_strength_tablet=&#8220;1px&#8220; body_ol_text_shadow_horizontal_length_tablet=&#8220;0px&#8220; body_ol_text_shadow_vertical_length_tablet=&#8220;0px&#8220; body_ol_text_shadow_blur_strength_tablet=&#8220;1px&#8220; body_quote_text_shadow_horizontal_length_tablet=&#8220;0px&#8220; body_quote_text_shadow_vertical_length_tablet=&#8220;0px&#8220; body_quote_text_shadow_blur_strength_tablet=&#8220;1px&#8220; box_shadow_horizontal_tablet=&#8220;0px&#8220; box_shadow_vertical_tablet=&#8220;0px&#8220; box_shadow_blur_tablet=&#8220;40px&#8220; box_shadow_spread_tablet=&#8220;0px&#8220; box_shadow_horizontal_image_tablet=&#8220;0px&#8220; box_shadow_vertical_image_tablet=&#8220;0px&#8220; box_shadow_blur_image_tablet=&#8220;40px&#8220; box_shadow_spread_image_tablet=&#8220;0px&#8220; text_shadow_horizontal_length_tablet=&#8220;0px&#8220; text_shadow_vertical_length_tablet=&#8220;0px&#8220; text_shadow_blur_strength_tablet=&#8220;1px&#8220;][\/et_pb_blurb][et_pb_blurb title=&#8220;Potvrdenie o zaplaten\u00ed dane z prij\u00edmov zo z\u00e1vislej \u010dinnosti&#8220; url=&#8220;https:\/\/www.zssielnichttp:\/\/www.zssielnica.sk\/no\/wp-content\/uploads\/2020\/02\/Potvrdenie-o-zaplateni-dane-z-prijmov-zo-zavislej-cinnosti_01-2019.pdf&#8220; use_icon=&#8220;on&#8220; font_icon=&#8220;%%215%%&#8220; icon_color=&#8220;#ffffff&#8220; admin_label=&#8220;\u0160tat\u00fat N.O.&#8220; _builder_version=&#8220;3.25.2&#8243; header_level=&#8220;h2&#8243; header_text_align=&#8220;center&#8220; header_text_color=&#8220;#ffffff&#8220; z_index_tablet=&#8220;500&#8243; link_option_url=&#8220;https:\/\/www.zssielnichttp:\/\/www.zssielnica.sk\/no\/wp-content\/uploads\/2020\/02\/Potvrdenie-o-zaplateni-dane-z-prijmov-zo-zavislej-cinnosti_01-2019.pdf&#8220; header_text_shadow_horizontal_length_tablet=&#8220;0px&#8220; header_text_shadow_vertical_length_tablet=&#8220;0px&#8220; header_text_shadow_blur_strength_tablet=&#8220;1px&#8220; body_text_shadow_horizontal_length_tablet=&#8220;0px&#8220; body_text_shadow_vertical_length_tablet=&#8220;0px&#8220; body_text_shadow_blur_strength_tablet=&#8220;1px&#8220; body_link_text_shadow_horizontal_length_tablet=&#8220;0px&#8220; body_link_text_shadow_vertical_length_tablet=&#8220;0px&#8220; body_link_text_shadow_blur_strength_tablet=&#8220;1px&#8220; body_ul_text_shadow_horizontal_length_tablet=&#8220;0px&#8220; body_ul_text_shadow_vertical_length_tablet=&#8220;0px&#8220; body_ul_text_shadow_blur_strength_tablet=&#8220;1px&#8220; body_ol_text_shadow_horizontal_length_tablet=&#8220;0px&#8220; body_ol_text_shadow_vertical_length_tablet=&#8220;0px&#8220; body_ol_text_shadow_blur_strength_tablet=&#8220;1px&#8220; body_quote_text_shadow_horizontal_length_tablet=&#8220;0px&#8220; body_quote_text_shadow_vertical_length_tablet=&#8220;0px&#8220; body_quote_text_shadow_blur_strength_tablet=&#8220;1px&#8220; box_shadow_horizontal_tablet=&#8220;0px&#8220; box_shadow_vertical_tablet=&#8220;0px&#8220; box_shadow_blur_tablet=&#8220;40px&#8220; box_shadow_spread_tablet=&#8220;0px&#8220; box_shadow_horizontal_image_tablet=&#8220;0px&#8220; box_shadow_vertical_image_tablet=&#8220;0px&#8220; box_shadow_blur_image_tablet=&#8220;40px&#8220; box_shadow_spread_image_tablet=&#8220;0px&#8220; text_shadow_horizontal_length_tablet=&#8220;0px&#8220; text_shadow_vertical_length_tablet=&#8220;0px&#8220; text_shadow_blur_strength_tablet=&#8220;1px&#8220;][\/et_pb_blurb][\/et_pb_column][et_pb_column type=&#8220;1_2&#8243; _builder_version=&#8220;3.0.47&#8243; custom_padding=&#8220;|||&#8220; custom_padding__hover=&#8220;|||&#8220;][et_pb_blurb title=&#8220;Karti\u010dka DI\u010c&#8220; url=&#8220;https:\/\/www.zssielnica.sk\/no\/wp-content\/uploads\/2018\/05\/ICO.pdf&#8220; use_icon=&#8220;on&#8220; font_icon=&#8220;%%215%%&#8220; icon_color=&#8220;#ffffff&#8220; admin_label=&#8220;Karti\u010dka DI\u010c&#8220; _builder_version=&#8220;3.25.2&#8243; header_level=&#8220;h2&#8243; header_text_align=&#8220;center&#8220; header_text_color=&#8220;#ffffff&#8220; z_index_tablet=&#8220;500&#8243; link_option_url=&#8220;https:\/\/www.zssielnica.sk\/no\/wp-content\/uploads\/2018\/05\/ICO.pdf&#8220; header_text_shadow_horizontal_length_tablet=&#8220;0px&#8220; header_text_shadow_vertical_length_tablet=&#8220;0px&#8220; header_text_shadow_blur_strength_tablet=&#8220;1px&#8220; body_text_shadow_horizontal_length_tablet=&#8220;0px&#8220; body_text_shadow_vertical_length_tablet=&#8220;0px&#8220; body_text_shadow_blur_strength_tablet=&#8220;1px&#8220; body_link_text_shadow_horizontal_length_tablet=&#8220;0px&#8220; body_link_text_shadow_vertical_length_tablet=&#8220;0px&#8220; body_link_text_shadow_blur_strength_tablet=&#8220;1px&#8220; body_ul_text_shadow_horizontal_length_tablet=&#8220;0px&#8220; body_ul_text_shadow_vertical_length_tablet=&#8220;0px&#8220; body_ul_text_shadow_blur_strength_tablet=&#8220;1px&#8220; body_ol_text_shadow_horizontal_length_tablet=&#8220;0px&#8220; body_ol_text_shadow_vertical_length_tablet=&#8220;0px&#8220; body_ol_text_shadow_blur_strength_tablet=&#8220;1px&#8220; body_quote_text_shadow_horizontal_length_tablet=&#8220;0px&#8220; body_quote_text_shadow_vertical_length_tablet=&#8220;0px&#8220; body_quote_text_shadow_blur_strength_tablet=&#8220;1px&#8220; box_shadow_horizontal_tablet=&#8220;0px&#8220; box_shadow_vertical_tablet=&#8220;0px&#8220; box_shadow_blur_tablet=&#8220;40px&#8220; box_shadow_spread_tablet=&#8220;0px&#8220; box_shadow_horizontal_image_tablet=&#8220;0px&#8220; box_shadow_vertical_image_tablet=&#8220;0px&#8220; box_shadow_blur_image_tablet=&#8220;40px&#8220; box_shadow_spread_image_tablet=&#8220;0px&#8220; text_shadow_horizontal_length_tablet=&#8220;0px&#8220; text_shadow_vertical_length_tablet=&#8220;0px&#8220; text_shadow_blur_strength_tablet=&#8220;1px&#8220;][\/et_pb_blurb][et_pb_blurb title=&#8220;V\u00fdpis z registra N.O.&#8220; url=&#8220;https:\/\/www.zssielnica.sk\/no\/wp-content\/uploads\/2018\/05\/vypis-OR.pdf&#8220; use_icon=&#8220;on&#8220; font_icon=&#8220;%%215%%&#8220; icon_color=&#8220;#ffffff&#8220; admin_label=&#8220;V\u00fdpis z registra N.O.&#8220; _builder_version=&#8220;3.25.2&#8243; header_level=&#8220;h2&#8243; header_text_align=&#8220;center&#8220; header_text_color=&#8220;#ffffff&#8220; z_index_tablet=&#8220;500&#8243; link_option_url=&#8220;https:\/\/www.zssielnica.sk\/no\/wp-content\/uploads\/2018\/05\/vypis-OR.pdf&#8220; header_text_shadow_horizontal_length_tablet=&#8220;0px&#8220; header_text_shadow_vertical_length_tablet=&#8220;0px&#8220; header_text_shadow_blur_strength_tablet=&#8220;1px&#8220; body_text_shadow_horizontal_length_tablet=&#8220;0px&#8220; body_text_shadow_vertical_length_tablet=&#8220;0px&#8220; body_text_shadow_blur_strength_tablet=&#8220;1px&#8220; body_link_text_shadow_horizontal_length_tablet=&#8220;0px&#8220; body_link_text_shadow_vertical_length_tablet=&#8220;0px&#8220; body_link_text_shadow_blur_strength_tablet=&#8220;1px&#8220; body_ul_text_shadow_horizontal_length_tablet=&#8220;0px&#8220; body_ul_text_shadow_vertical_length_tablet=&#8220;0px&#8220; body_ul_text_shadow_blur_strength_tablet=&#8220;1px&#8220; body_ol_text_shadow_horizontal_length_tablet=&#8220;0px&#8220; body_ol_text_shadow_vertical_length_tablet=&#8220;0px&#8220; body_ol_text_shadow_blur_strength_tablet=&#8220;1px&#8220; body_quote_text_shadow_horizontal_length_tablet=&#8220;0px&#8220; body_quote_text_shadow_vertical_length_tablet=&#8220;0px&#8220; body_quote_text_shadow_blur_strength_tablet=&#8220;1px&#8220; box_shadow_horizontal_tablet=&#8220;0px&#8220; box_shadow_vertical_tablet=&#8220;0px&#8220; box_shadow_blur_tablet=&#8220;40px&#8220; box_shadow_spread_tablet=&#8220;0px&#8220; box_shadow_horizontal_image_tablet=&#8220;0px&#8220; box_shadow_vertical_image_tablet=&#8220;0px&#8220; box_shadow_blur_image_tablet=&#8220;40px&#8220; box_shadow_spread_image_tablet=&#8220;0px&#8220; text_shadow_horizontal_length_tablet=&#8220;0px&#8220; text_shadow_vertical_length_tablet=&#8220;0px&#8220; text_shadow_blur_strength_tablet=&#8220;1px&#8220;][\/et_pb_blurb][et_pb_blurb title=&#8220;Vyhlasenie o poukazani podielu zaplatenej dane&#8220; url=&#8220;http:\/\/www.zssielnica.sk\/no\/wp-content\/uploads\/2020\/02\/Vyhlasenie-o-poukazani-podielu-zaplatenej-dane-z-prijmov-fyzickej-osoby-ZS-Sielnica.pdf&#8220; use_icon=&#8220;on&#8220; font_icon=&#8220;%%215%%&#8220; icon_color=&#8220;#ffffff&#8220; admin_label=&#8220;V\u00fdpis z registra N.O.&#8220; _builder_version=&#8220;3.25.2&#8243; header_level=&#8220;h2&#8243; header_text_align=&#8220;center&#8220; header_text_color=&#8220;#ffffff&#8220; z_index_tablet=&#8220;500&#8243; link_option_url=&#8220;http:\/\/www.zssielnica.sk\/no\/wp-content\/uploads\/2020\/02\/Vyhlasenie-o-poukazani-podielu-zaplatenej-dane-z-prijmov-fyzickej-osoby-ZS-Sielnica.pdf&#8220; header_text_shadow_horizontal_length_tablet=&#8220;0px&#8220; header_text_shadow_vertical_length_tablet=&#8220;0px&#8220; header_text_shadow_blur_strength_tablet=&#8220;1px&#8220; body_text_shadow_horizontal_length_tablet=&#8220;0px&#8220; body_text_shadow_vertical_length_tablet=&#8220;0px&#8220; body_text_shadow_blur_strength_tablet=&#8220;1px&#8220; body_link_text_shadow_horizontal_length_tablet=&#8220;0px&#8220; body_link_text_shadow_vertical_length_tablet=&#8220;0px&#8220; body_link_text_shadow_blur_strength_tablet=&#8220;1px&#8220; body_ul_text_shadow_horizontal_length_tablet=&#8220;0px&#8220; body_ul_text_shadow_vertical_length_tablet=&#8220;0px&#8220; body_ul_text_shadow_blur_strength_tablet=&#8220;1px&#8220; body_ol_text_shadow_horizontal_length_tablet=&#8220;0px&#8220; body_ol_text_shadow_vertical_length_tablet=&#8220;0px&#8220; body_ol_text_shadow_blur_strength_tablet=&#8220;1px&#8220; body_quote_text_shadow_horizontal_length_tablet=&#8220;0px&#8220; body_quote_text_shadow_vertical_length_tablet=&#8220;0px&#8220; body_quote_text_shadow_blur_strength_tablet=&#8220;1px&#8220; box_shadow_horizontal_tablet=&#8220;0px&#8220; box_shadow_vertical_tablet=&#8220;0px&#8220; box_shadow_blur_tablet=&#8220;40px&#8220; box_shadow_spread_tablet=&#8220;0px&#8220; box_shadow_horizontal_image_tablet=&#8220;0px&#8220; box_shadow_vertical_image_tablet=&#8220;0px&#8220; box_shadow_blur_image_tablet=&#8220;40px&#8220; box_shadow_spread_image_tablet=&#8220;0px&#8220; text_shadow_horizontal_length_tablet=&#8220;0px&#8220; text_shadow_vertical_length_tablet=&#8220;0px&#8220; text_shadow_blur_strength_tablet=&#8220;1px&#8220;][\/et_pb_blurb][\/et_pb_column][\/et_pb_row][\/et_pb_section]<\/p>\n","protected":false},"excerpt":{"rendered":"","protected":false},"author":1,"featured_media":0,"parent":0,"menu_order":0,"comment_status":"closed","ping_status":"closed","template":"","meta":{"_et_pb_use_builder":"on","_et_pb_old_content":"","_et_gb_content_width":""},"_links":{"self":[{"href":"https:\/\/www.zssielnica.sk\/no\/wp-json\/wp\/v2\/pages\/204321"}],"collection":[{"href":"https:\/\/www.zssielnica.sk\/no\/wp-json\/wp\/v2\/pages"}],"about":[{"href":"https:\/\/www.zssielnica.sk\/no\/wp-json\/wp\/v2\/types\/page"}],"author":[{"embeddable":true,"href":"https:\/\/www.zssielnica.sk\/no\/wp-json\/wp\/v2\/users\/1"}],"replies":[{"embeddable":true,"href":"https:\/\/www.zssielnica.sk\/no\/wp-json\/wp\/v2\/comments?post=204321"}],"version-history":[{"count":24,"href":"https:\/\/www.zssielnica.sk\/no\/wp-json\/wp\/v2\/pages\/204321\/revisions"}],"predecessor-version":[{"id":204736,"href":"https:\/\/www.zssielnica.sk\/no\/wp-json\/wp\/v2\/pages\/204321\/revisions\/204736"}],"wp:attachment":[{"href":"https:\/\/www.zssielnica.sk\/no\/wp-json\/wp\/v2\/media?parent=204321"}],"curies":[{"name":"wp","href":"https:\/\/api.w.org\/{rel}","templated":true}]}}